{"id":20348,"date":"2025-11-18T16:10:05","date_gmt":"2025-11-18T15:10:05","guid":{"rendered":"https:\/\/francis-mizio.net\/?page_id=20348"},"modified":"2025-11-26T19:58:32","modified_gmt":"2025-11-26T18:58:32","slug":"idees-geniales-de-romans","status":"publish","type":"page","link":"https:\/\/francis-mizio.net\/index.php\/idees-geniales-de-romans\/","title":{"rendered":"ID\u00c9ES G\u00c9NIALES DE ROMANS"},"content":{"rendered":"<p style=\"text-align: justify;\"><span style=\"color: #800000;\"><b>C&rsquo;est pas pour me vanter, mais je vous ponds une id\u00e9e de roman&#8230; en claquant des doigts au-dessus du clavier, hop, d&rsquo;un coup, comme \u00e7a. Et puis, elles sont bonnes, croyez-moi, ces id\u00e9es.<br \/>\n<em>\u00ab\u00a0Des histoires\u00a0\u00bb,<\/em> comme disait C\u00e9line, <em>\u00ab\u00a0il y en a plein les journaux\u00a0\u00bb.<br \/>\n<\/em>(Page en \u00e9volution permanente)<\/b><\/span><\/p>\n<hr \/>\n<h2 style=\"text-align: justify;\"><b><span style=\"color: #800000;\">NOVEMBRE 2025<\/span><\/b><\/h2>\n<p style=\"text-align: justify;\"><span style=\"color: #800000;\"><strong>\u2022 D\u00e9connect\u00e9s par l&rsquo;ennemi<\/strong><\/span><br \/>\n<em><span style=\"color: #800000;\"><strong>Cat\u00e9gorie : roman de SF dystopique\/catastrophe<\/strong><\/span><\/em><br \/>\n<span style=\"color: #000000;\"><span dir=\"auto\">C&rsquo;est la guerre, les populations veulent fuir. H\u00e9las, les bus fabriqu\u00e9s en Chine ont \u00e9t\u00e9 d\u00e9sactiv\u00e9s \u00e0 distance par l&rsquo;ennemi. <\/span><\/span><span dir=\"auto\"><a href=\"https:\/\/www.euronews.com\/next\/2025\/11\/06\/chinese-made-buses-can-be-halted-remotely-in-norway-spurring-increased-security\" target=\"_blank\" rel=\"noopener\">https:\/\/www.euronews.com\/next\/2025\/11\/06\/chinese-made-buses-can-be-halted-remotely-in-norway-spurring-increased-security<\/a><\/span><span style=\"color: #000000;\"><span dir=\"auto\"><br \/>\n<span style=\"color: #800000;\"><strong>Mon pitch\/synopsis : <\/strong><\/span>On est en guerre avec la Russie qui attaque le reste de l&rsquo;Europe. Soudain, tout ce qui est connect\u00e9 et a \u00e9t\u00e9 fabriqu\u00e9 avec son alli\u00e9 la Chine\u00a0 est d\u00e9connect\u00e9 \u00e0 distance, semant le chaos. Les populations doivent s&rsquo;organiser tandis que l&rsquo;\u00c9tat d\u00e9bord\u00e9 ne sait plus\u00a0 o\u00f9 donner de la t\u00eate&#8230;<br \/>\n<em><strong>Vous \u00eates \u00e9diteur de SF duystopique\/catastrophe ? Vous avez un budget ?<\/strong> &gt;<\/em> <strong><a href=\"mailto:francismizio@wanadoo.fr\" target=\"_blank\" rel=\"noopener\">\u00e9crivez-moi<\/a><\/strong><\/span><\/span><span style=\"color: #800000;\"><br \/>\n<\/span><\/p>\n<p style=\"text-align: justify;\"><span style=\"color: #800000;\"><strong>\u2022 \u00ab\u00a0Suivi par un robot !\u00a0\u00bb<\/strong><\/span><br \/>\n<span style=\"color: #800000;\"><strong><em>Cat\u00e9gorie : roman de SF burlesque<\/em><\/strong><\/span><br \/>\n<em>Une id\u00e9e du mec tar\u00e9 qui a un salaire de 1 milliard de dollars chez Tesla : au lieu de mettre les d\u00e9linquants en prison, on n&rsquo;a qu&rsquo;\u00e0 les faire suivre en permanence par des robots. Merci pour cette super id\u00e9e de roman de SF burlesque. <a href=\"https:\/\/futurism.com\/future-society\/elon-musk-optimus-criminals\" target=\"_blank\" rel=\"noopener\">https:\/\/futurism.com\/future-society\/elon-musk-optimus-criminals<\/a><\/em><br \/>\n<span style=\"color: #800000;\"><strong>Mon pitch\/synopsis :<\/strong> <\/span>On est en 2030 : les prisons co\u00fbtent trop cher, la France signe un contrat avec Tesla pour le programme \u00ab Opti-Probation \u00bb. Chaque condamn\u00e9 re\u00e7oit un Optimus personnel, bard\u00e9 de capteurs, charg\u00e9 de <em>\u00ab l\u2019emp\u00eacher de faire le mal tout en favorisant sa pleine r\u00e9alisation individuelle \u00bb<\/em> (formule du d\u00e9cret, jamais vraiment relue). \u00c0 la fa\u00e7on de <em>\u00ab\u00a0Martiens go home !\u00a0\u00bb<\/em> de Fredric Brown, on voit fleurir d&rsquo;exasp\u00e9rants robots suiveurs partout dans les rues&#8230; derri\u00e8re des personnes dont on ne se serait jamais dout\u00e9&#8230; Les gens essaient de s&rsquo;en d\u00e9barrasser, quitte \u00e0 demander conseil \u00e0 des d\u00e9linquants qui n&rsquo;ont pas encore \u00e9t\u00e9 attrap\u00e9s et condamn\u00e9s. Les robots, eux, se doutent que quelque chose se trame \u00e0 leur encontre.<br \/>\n<em><strong>Vous \u00eates \u00e9diteur de SF burlesque ? Vous avez un budget ?<\/strong> &gt;<\/em> <strong><a href=\"mailto:francismizio@wanadoo.fr\" target=\"_blank\" rel=\"noopener\">\u00e9crivez-moi<\/a><br \/>\n<\/strong><\/p>\n<hr \/>\n<p style=\"text-align: justify;\"><b><span style=\"color: #800000;\">AVANT NOVEMBRE 2025 (vieux sujets abandonn\u00e9s)<\/span><\/b><\/p>\n<p style=\"text-align: justify;\"><span style=\"color: #800000;\"><strong>\u2022 \u00ab\u00a0Syracuse\u00a0\u00bb<br \/>\n<em>Cat\u00e9gorie : com\u00e9die sociale satirique<\/em><br \/>\n<\/strong><\/span>Pour faire vite : l&rsquo;histoire d&rsquo;un homme qui pr\u00e9tend avoir fait le voyage de toutes les destinations cit\u00e9es dans la chanson \u00ab\u00a0Syracuse\u00a0\u00bb\u00a0 de Bernard Dimey et Henri Salvador, et se retrouve \u00e0 cause de ce mensonge contraint d&rsquo;\u00e9crire pour un producteur audiovisuel plusieurs versions (sc\u00e9narios, pitches de romans) de son p\u00e9riple. Le propos du projet en arri\u00e8re plan \u00e9tait : comment on d\u00e9senchante aujourd&rsquo;hui l\u2019imaginaire. Il s&rsquo;agissait d&rsquo;utiliser mon bref v\u00e9cu de jadis dans le monde de la TV et du cin\u00e9ma, d&rsquo;\u00e9crire une satire sociale et soci\u00e9tale. H\u00e9las les ayants droit de la chanson, contact\u00e9s en octobre 2025, me demandent trop cher en droit d&rsquo;exploitation du texte et ce ne serait pas raisonnable (la litt\u00e9rature mondiale s&rsquo;en remettra a priori).<br \/>\n<em><strong>Vous \u00eates \u00e9diteur de com\u00e9die et de satire sociales et soci\u00e9tales ? Vous avez un budget ?<\/strong> &gt; <strong><a href=\"mailto:francismizio@wanadoo.fr\" target=\"_blank\" rel=\"noopener\">\u00e9crivez-moi<\/a><\/strong><\/em><\/p>\n<p><span style=\"color: #800000;\"><strong>\u2022 Liste bient\u00f4t compl\u00e9t\u00e9e et d\u00e9taill\u00e9e ci-dessous (faut que retrouve mes notes et saisisse les textes. \u00c7a vient)<\/p>\n<p><\/strong><\/span><em>&#8211; Histoire de l&rsquo;homme qui nomme les lacs<span style=\"color: #800000;\"><strong><br \/>\n<\/strong><\/span>&#8211; Histoire du gourou de la brouette<\/em><br \/>\n<em>&#8211; histoire de l&rsquo;homme qui recherche une voyante<br \/>\n&#8211; Le cognocalypse<br \/>\n&#8211; Les naufrag\u00e9s du GPS<br \/>\n&#8211; Le coiffeur fictionnaire<br \/>\n&#8211; Le Doner Kebab opera<br \/>\n&#8211; L&rsquo;institut Cl\u00e9ment Capulet de m\u00e9t\u00e9o et climato psychopathologies.<\/em><\/p>\n","protected":false},"excerpt":{"rendered":"<p>C&rsquo;est pas pour me vanter, mais je vous ponds une id\u00e9e de roman&#8230; en claquant des doigts au-dessus du clavier, hop, d&rsquo;un coup, comme \u00e7a. Et puis, elles sont bonnes, croyez-moi, ces id\u00e9es. \u00ab\u00a0Des histoires\u00a0\u00bb, comme disait C\u00e9line, \u00ab\u00a0il y en a plein les journaux\u00a0\u00bb. (Page en \u00e9volution permanente) NOVEMBRE 2025 \u2022 D\u00e9connect\u00e9s par l&rsquo;ennemi<\/p>\n","protected":false},"author":1,"featured_media":0,"parent":0,"menu_order":0,"comment_status":"closed","ping_status":"closed","template":"","meta":{"_acf_changed":false,"footnotes":""},"class_list":["post-20348","page","type-page","status-publish","hentry"],"acf":[],"_links":{"self":[{"href":"https:\/\/francis-mizio.net\/index.php\/wp-json\/wp\/v2\/pages\/20348","targetHints":{"allow":["GET"]}}],"collection":[{"href":"https:\/\/francis-mizio.net\/index.php\/wp-json\/wp\/v2\/pages"}],"about":[{"href":"https:\/\/francis-mizio.net\/index.php\/wp-json\/wp\/v2\/types\/page"}],"author":[{"embeddable":true,"href":"https:\/\/francis-mizio.net\/index.php\/wp-json\/wp\/v2\/users\/1"}],"replies":[{"embeddable":true,"href":"https:\/\/francis-mizio.net\/index.php\/wp-json\/wp\/v2\/comments?post=20348"}],"version-history":[{"count":11,"href":"https:\/\/francis-mizio.net\/index.php\/wp-json\/wp\/v2\/pages\/20348\/revisions"}],"predecessor-version":[{"id":20508,"href":"https:\/\/francis-mizio.net\/index.php\/wp-json\/wp\/v2\/pages\/20348\/revisions\/20508"}],"wp:attachment":[{"href":"https:\/\/francis-mizio.net\/index.php\/wp-json\/wp\/v2\/media?parent=20348"}],"curies":[{"name":"wp","href":"https:\/\/api.w.org\/{rel}","templated":true}]}}