{"id":24,"date":"2019-06-18T23:38:30","date_gmt":"2019-06-18T21:38:30","guid":{"rendered":"http:\/\/francismizio.net\/?page_id=24"},"modified":"2025-12-27T17:39:22","modified_gmt":"2025-12-27T16:39:22","slug":"ecriture","status":"publish","type":"page","link":"https:\/\/francis-mizio.net\/index.php\/ecriture\/","title":{"rendered":"MES LIVRES"},"content":{"rendered":"<p style=\"text-align: justify;\"><strong><strong style=\"text-align: justify;\"><img loading=\"lazy\" decoding=\"async\" class=\"size-full wp-image-2232 alignleft\" src=\"https:\/\/francis-mizio.net\/wp-content\/uploads\/2024\/12\/mouchebleue.gif\" alt=\"\" width=\"81\" height=\"71\" \/><\/strong><\/strong><strong>La mouche vous pr\u00e9vient quand ce n&rsquo;est plus frais&#8230; La plupart de mes bouquins \u00e9tant \u00e9puis\u00e9e.<\/strong><\/p>\n<p style=\"text-align: justify;\"><img loading=\"lazy\" decoding=\"async\" class=\"wp-image-1852 alignleft\" style=\"text-align: start;\" src=\"http:\/\/francis-mizio.net\/wp-content\/uploads\/2024\/12\/LogoLNB-1024x166.png\" alt=\"\" width=\"150\" height=\"24\" srcset=\"https:\/\/francis-mizio.net\/wp-content\/uploads\/2024\/12\/LogoLNB-1024x166.png 1024w, https:\/\/francis-mizio.net\/wp-content\/uploads\/2024\/12\/LogoLNB-300x49.png 300w, https:\/\/francis-mizio.net\/wp-content\/uploads\/2024\/12\/LogoLNB-768x125.png 768w, https:\/\/francis-mizio.net\/wp-content\/uploads\/2024\/12\/LogoLNB-1170x197.png 1170w, https:\/\/francis-mizio.net\/wp-content\/uploads\/2024\/12\/LogoLNB.png 1215w\" sizes=\"auto, (max-width: 150px) 100vw, 150px\" \/><span style=\"color: #800000;\"><strong>Les nouveaut\u00e9s depuis 2022 sont actuellement auto\u00e9dit\u00e9es aux <em><a href=\"https:\/\/francis-mizio.net\/index.php\/category\/editions-le-niveau-baisse\/\" target=\"_blank\" rel=\"noopener\">\u00c9ditions Le Niveau Baisse<\/a> <\/em><\/strong>(marqu\u00e9es ici du logo tant que les \u00e9diteurs ne me recontactent pas \u2014 il y a peu de chances, en v\u00e9rit\u00e9).<br \/>\n<\/span><\/p>\n<hr \/>\n<p><strong><img loading=\"lazy\" decoding=\"async\" class=\"wp-image-1852 alignleft\" src=\"http:\/\/francis-mizio.net\/wp-content\/uploads\/2024\/12\/LogoLNB-1024x166.png\" alt=\"\" width=\"150\" height=\"24\" srcset=\"https:\/\/francis-mizio.net\/wp-content\/uploads\/2024\/12\/LogoLNB-1024x166.png 1024w, https:\/\/francis-mizio.net\/wp-content\/uploads\/2024\/12\/LogoLNB-300x49.png 300w, https:\/\/francis-mizio.net\/wp-content\/uploads\/2024\/12\/LogoLNB-768x125.png 768w, https:\/\/francis-mizio.net\/wp-content\/uploads\/2024\/12\/LogoLNB-1170x197.png 1170w, https:\/\/francis-mizio.net\/wp-content\/uploads\/2024\/12\/LogoLNB.png 1215w\" sizes=\"auto, (max-width: 150px) 100vw, 150px\" \/><\/strong><\/p>\n<p><span style=\"color: #800000;\"><strong>Ouvrages r\u00e9cents (depuis 2022, auto\u00e9dit\u00e9s)<\/strong><\/span><\/p>\n<p style=\"text-align: justify;\"><strong>\u2022 Au lourd d\u00e9lire des lianes<\/strong>, roman, \u00c9ditions Le Niveau Baisse, 2022 [auto\u00e9dition \u00e0 la suite d&rsquo;une souscription r\u00e9ussie] &gt; <a href=\"http:\/\/tribu-macroqa.francismizio.net\/\" target=\"_blank\" rel=\"noopener\">voir le site d\u00e9di\u00e9 et \u00e9ventuellement l&rsquo;acqu\u00e9rir ; il en reste une vingtaine&#8230;<\/a><br \/>\n<strong>\u2022 Eug\u00e9nie Delune : introspective \/ prospectives \/ perspectives \/ r\u00e9trospective\u00a0\u00bb. <\/strong>Parodie satirique de monographie d&rsquo;une artiste conceptuelle fictive ; tirage limit\u00e9 num\u00e9rot\u00e9. (\u00c9ditions Le Niveau Baisse, 2024 [auto\u00e9dition] &gt; <a href=\"https:\/\/francis-mizio.net\/index.php\/2024\/11\/07\/etes-vous-proprietaire-dune-table-basse\/\" target=\"_blank\" rel=\"noopener\">\u00e9ventuellement l&rsquo;acqu\u00e9rir ; il en reste un petit peu.<\/a><br \/>\n<strong>\u2022 Ces mots dits volatils, <\/strong>roman satirique (\u00c9ditions Le Niveau Baisse, 2024 [auto\u00e9dition] (27 d\u00e9cembre 2025).<\/p>\n<hr \/>\n<p><strong style=\"text-align: justify;\"><img loading=\"lazy\" decoding=\"async\" class=\"size-full wp-image-2232 alignleft\" src=\"https:\/\/francis-mizio.net\/wp-content\/uploads\/2024\/12\/mouchebleue.gif\" alt=\"\" width=\"81\" height=\"71\" \/><\/strong><\/p>\n<p style=\"text-align: justify;\"><strong><span style=\"color: #ff99cc;\"><span style=\"color: #db7093;\">Romans (pas frais)<\/span><\/span><\/strong><br \/>\n<strong>\u2022 La Sant\u00e9 par les plantes<\/strong> (\u00c9ditions La loupiote en 1997, \u00c9ditions Gallimard, coll. \u00ab S\u00e9rie noire \u00bb, 1999 -\u00e9puis\u00e9. R\u00e9\u00e9d. 3e version revue, \u00c9ditions Apr\u00e8s la Lune, nov. 2010. Edition poche ActuSF, collection H\u00e9lios noir, 2015)<br \/>\n<strong>\u2022 La Vie ultra-moderne<\/strong> (\u00c9ditions Baleine en 1998, Coll. Macno)<br \/>\n<strong>\u2022 L&rsquo;agence Tous-Tafs<\/strong> (Flammarion, 1999, J&rsquo;ai Lu 2003 -\u00e9puis\u00e9)<br \/>\n<strong>\u2022 Tout ce qui tombe du ciel<\/strong> (Mango, 1999 -\u00e9puis\u00e9. R\u00e9\u00e9dition r\u00e9\u00e9crite en 2011 en ebook. R\u00e9\u00e9dition r\u00e9\u00e9crite Edition poche ActuSF, collection H\u00e9lios noir, 2017)<br \/>\n<strong>\u2022 Domo Dingo<\/strong> (J&rsquo;ai Lu, 2000 &#8211; \u00e9puis\u00e9)<br \/>\n<strong>\u2022 Twist Tropique<\/strong> (Baleine grand format en 2001, Le Seuil, coll. Point Virgule 2003 &#8211; \u00e9puis\u00e9s)<br \/>\n<strong>\u2022 Buffet \u00e0 volont\u00e9<\/strong> (Par hasard, 2003 &#8211; \u00e9puis\u00e9) <a href=\"http:\/\/francismizio.net\/wp-content\/uploads\/2019\/07\/BuffetaVolpourWeb.pdf\" target=\"_blank\" rel=\"noopener noreferrer\">&gt; T\u00e9l\u00e9chargeable gratuitement ici<\/a><br \/>\n<strong>\u2022 Pizza sur la touffe<\/strong> (Suite noire n\u00b0 16 &#8211; \u00c9ditions La Branche, 2007 &#8211; \u00e9puis\u00e9)<br \/>\n<strong>\u2022 Sans temps de latitude<\/strong> (\u00c9ditions Baleine, coll. \u00ab Le Poulpe \u00bb &#8211; La Martini\u00e8re, 2007 &#8211; \u00e9puis\u00e9)<br \/>\n<strong>\u2022 D&rsquo;un point de vue administratif<\/strong> (\u00c9ditions Le Seuil \/ Baleine &#8211; La Martini\u00e8re, 2008 &#8211; \u00e9puis\u00e9)<\/p>\n<hr \/>\n<p style=\"text-align: justify;\"><strong><span style=\"color: #db7093;\"><strong style=\"text-align: justify;\"><img loading=\"lazy\" decoding=\"async\" class=\"size-full wp-image-2232 alignleft\" src=\"https:\/\/francis-mizio.net\/wp-content\/uploads\/2024\/12\/mouchebleue.gif\" alt=\"\" width=\"81\" height=\"71\" \/><\/strong>E.books (pas frais)<\/span><\/strong><br \/>\n<strong>\u2022 Nuit C\u00e2line<\/strong> (Ed. Sycomor, Ebook Mobipocket, 2001)<br \/>\n<strong>\u2022 \u2028La Psy bien fid\u00e8le<\/strong> (Ed. Robert ne veut pas lire, Montr\u00e9al, 2008)<br \/>\n<strong>\u2022 Tout ce qui tombe du ciel<\/strong> (Le Gaulois Nomade, 2011. R\u00e9\u00e9dition r\u00e9\u00e9crite sur Kindle Amazon)<br \/>\n<strong>\u2022 La Sant\u00e9 par les plantes<\/strong> (\u00e9dition revue et corrig\u00e9e pour la r\u00e9\u00e9dition en ebook. Ed. Multivers, 2014)<\/p>\n<hr \/>\n<p style=\"text-align: justify;\"><span style=\"color: #db7093;\"><strong><strong style=\"text-align: justify;\"><img loading=\"lazy\" decoding=\"async\" class=\"size-full wp-image-2232 alignleft\" src=\"https:\/\/francis-mizio.net\/wp-content\/uploads\/2024\/12\/mouchebleue.gif\" alt=\"\" width=\"81\" height=\"71\" \/><\/strong>Nouvelles (recueils) ou novellas (pas frais)<\/strong><\/span><br \/>\n<strong>\u2022 Le Pape de l&rsquo;art pauvre<\/strong> (Ed. La loupiote, 1996 &#8211; \u00e9puis\u00e9)<br \/>\n<strong>\u2022 La Cosmogonie Macroqa<\/strong> (avec Olivier Balez, \u00c9ditions Treize Etrange, 1998 &#8211; \u00e9puis\u00e9)<br \/>\n<strong>\u2022 Un quart d&rsquo;heure pas plus<\/strong> (Librio Noir, 1998, &#8211; \u00e9puis\u00e9)<br \/>\n<strong>\u2022 \u2028Les hommes pr\u00e9f\u00e8rent les sondes<\/strong> (Ed. Baleine, coll. \u00ab\u00a0S\u00e9rie Grise\u00a0\u00bb, 2000 &#8211; \u00e9puis\u00e9)<br \/>\n<strong>\u2022 Voir le bug et fr\u00e9mir<\/strong> (livre d&rsquo;artiste de Jean-Paul Riuz, \u00c9ditions Jean-Paul Riuz, 2002 &#8211; \u00e9puis\u00e9)<br \/>\n<strong>\u2022 La Vie point barre<\/strong> (Manuscrit.com, 2003, &#8211; \u00e9puis\u00e9)<br \/>\n<strong>\u2022 \u2028Arr\u00eatez d&rsquo;arr\u00eater<\/strong> (Atelier In8 \u00c9ditions, 2008 &#8211; \u00e9puis\u00e9)<br \/>\n<strong>\u2022 On ne tire pas sur une ambulance<\/strong> (Atelier In8 \u00c9ditions, 2010 &#8211; \u00e9puis\u00e9)<br \/>\n<strong>\u2022 Alfonso Vermot y Carambar<\/strong> (avec Jean-Bernard Pouy ; Jean-Paul Rocher \u00e9diteur, 2010 &#8211; \u00e9puis\u00e9)<\/p>\n<hr \/>\n<p style=\"text-align: justify;\"><span style=\"color: #db7093;\"><strong><strong style=\"text-align: justify;\"><img loading=\"lazy\" decoding=\"async\" class=\"size-full wp-image-2232 alignleft\" src=\"https:\/\/francis-mizio.net\/wp-content\/uploads\/2024\/12\/mouchebleue.gif\" alt=\"\" width=\"81\" height=\"71\" \/><\/strong>Bandes dessin\u00e9es (pas frais)<\/strong><\/span><br \/>\n<strong>\u2022 Pieuvre \u00e0 la Pouy<\/strong> (avec Florence Cestac. \u00c9ditions six pieds sous terre, 2004 (ISBN 2-910431-46-0)<\/p>\n<hr \/>\n<p style=\"text-align: justify;\"><span style=\"color: #db7093;\"><strong>Recueils de chroniques, essais humoristiques, pastiches, parodies (pas frais)<br \/>\n<\/strong><\/span><strong>\u2022 Des m\u00e9tiers carr\u00e9ment \u00e0 l&rsquo;Ouest <\/strong>(chroniques parues dans Terri(s)toires recueil auto-\u00e9dit\u00e9) <strong><a href=\"mailto:francismizio@wanadoo.fr\">&gt; m&rsquo;\u00e9crire<\/a>)<\/strong><br \/>\n<strong>\u2022 Mamie au mulot<\/strong> (chroniques parues dans Lib\u00e9ration, Seuil, coll. Point Virgule, 2001 &#8211; \u00e9puis\u00e9)<br \/>\n<strong>\u2022 \u2028Comment les araign\u00e9es d&rsquo;eau donnent un sens \u00e0 l&rsquo;existence et pourquoi il faut r\u00e9pandre la Contemplation Gerritique TM\u00a9\u00ae pour sauver le monde<\/strong> (AdK \u00e9diteur, 2007).<br \/>\n<strong>\u2022 Le Livre \u00e0 lire aux toilettes<\/strong> (\u00c9ditions de l&rsquo;H\u00e8be, 2008)<br \/>\n<strong>\u2022 \u00cates-vous fort en argot ?<\/strong> (Livre quiz, avec Jean-Bernard Pouy. Larousse, novembre 2010)<\/p>\n<hr \/>\n<p style=\"text-align: justify;\"><strong><span style=\"color: #db7093;\"><strong style=\"text-align: justify;\"><img loading=\"lazy\" decoding=\"async\" class=\"size-full wp-image-2232 alignleft\" src=\"https:\/\/francis-mizio.net\/wp-content\/uploads\/2024\/12\/mouchebleue.gif\" alt=\"\" width=\"81\" height=\"71\" \/><\/strong>Livres pour la jeunesse (romans, essais, pas frais)<\/span><\/strong><br \/>\n<strong>\u2022 Trafic ignoble<\/strong> (collection Le Furet, Albin Michel, 2001 &#8211; \u00e9puis\u00e9)<br \/>\n<strong>\u2022 Pas de bol pour Padbol<\/strong> (avec David Scrima, Magnard, 2002 &#8211; \u00e9puis\u00e9)<br \/>\n<strong>\u2022 Un job tranquille<\/strong> (avec Th\u00e9o Ebel, Magnard, 2002 &#8211; \u00e9puis\u00e9)<br \/>\n<strong>\u2022 L&rsquo;Encyclop\u00e9die des rebelles, insoumis et autres r\u00e9volutionnaires<\/strong> (avec Anne Blanchard et Serge Bloch, Gallimard Jeunesse, 2009)<br \/>\n<strong>\u2022 L&rsquo;Encyclop\u00e9die des h\u00e9ros, ic\u00f4nes et autres demi-dieux<\/strong> (avec Jean-Bernard Pouy, Anne Blanchard et Serge Bloch, Gallimard Jeunesse, 2012)<\/p>\n<hr \/>\n<p><strong><img loading=\"lazy\" decoding=\"async\" class=\"wp-image-1852 alignleft\" src=\"http:\/\/francis-mizio.net\/wp-content\/uploads\/2024\/12\/LogoLNB-1024x166.png\" alt=\"\" width=\"150\" height=\"24\" srcset=\"https:\/\/francis-mizio.net\/wp-content\/uploads\/2024\/12\/LogoLNB-1024x166.png 1024w, https:\/\/francis-mizio.net\/wp-content\/uploads\/2024\/12\/LogoLNB-300x49.png 300w, https:\/\/francis-mizio.net\/wp-content\/uploads\/2024\/12\/LogoLNB-768x125.png 768w, https:\/\/francis-mizio.net\/wp-content\/uploads\/2024\/12\/LogoLNB-1170x197.png 1170w, https:\/\/francis-mizio.net\/wp-content\/uploads\/2024\/12\/LogoLNB.png 1215w\" sizes=\"auto, (max-width: 150px) 100vw, 150px\" \/><span style=\"color: #db7093;\">Livres pour la jeunesse (r\u00e9cents)<br \/>\n<\/span>\u2022 J&rsquo;\u00e9l\u00e8ve mon T-REX<\/strong>, faux guide pratique (2024. Livre jeunesse sur Amazon)<br \/>\n<strong>\u2022 J&rsquo;\u00e9l\u00e8ve ma licorne<\/strong>, faux guide pratique\u00a0 (2024. Livre jeunesse sur Amazon)<br \/>\n<strong>\u2022 J&rsquo;\u00e9l\u00e8ve mon gribozool multiforme<\/strong>, faux guide pratique (2024. Livre jeunesse sur Amazon)<\/p>\n<hr \/>\n<p style=\"text-align: justify;\"><strong><span style=\"color: #db7093;\"><strong style=\"text-align: justify;\"><img loading=\"lazy\" decoding=\"async\" class=\"size-full wp-image-2232 alignleft\" src=\"https:\/\/francis-mizio.net\/wp-content\/uploads\/2024\/12\/mouchebleue.gif\" alt=\"\" width=\"81\" height=\"71\" \/><\/strong>Travaux litt\u00e9raires (pas frais)<\/span><\/strong><br \/>\n<strong>\u2022 Priv\u00e9s de futur<\/strong> (avec Gilles Dumay, anthologie de nouvelles de science-fiction. \u00c9ditions du Belial, 2000)<br \/>\n<strong>\u2022 Hong Kong, approches litt\u00e9raires<\/strong> (avec Annie Curien, portraits d&rsquo;\u00e9crivains. \u00c9ditions You Feng, 2004)<br \/>\n<strong>\u2022 L&rsquo;Horloge et le Dragon<\/strong> (avec Annie Curien, anthologie de nouvelles hongkongaises, \u00c9ditions Caract\u00e8res, 2006)<\/p>\n<hr \/>\n<p><strong><em>Derni\u00e8re mise \u00e0 jour de cette page : 27 d\u00e9cembre 2025.<\/em><\/strong><\/p>\n<p>&nbsp;<\/p>\n<p>&nbsp;<\/p>\n<p>&nbsp;<\/p>\n","protected":false},"excerpt":{"rendered":"<p>La mouche vous pr\u00e9vient quand ce n&rsquo;est plus frais&#8230; La plupart de mes bouquins \u00e9tant \u00e9puis\u00e9e. Les nouveaut\u00e9s depuis 2022 sont actuellement auto\u00e9dit\u00e9es aux \u00c9ditions Le Niveau Baisse (marqu\u00e9es ici du logo tant que les \u00e9diteurs ne me recontactent pas \u2014 il y a peu de chances, en v\u00e9rit\u00e9). Ouvrages r\u00e9cents (depuis 2022, auto\u00e9dit\u00e9s) \u2022<\/p>\n","protected":false},"author":1,"featured_media":0,"parent":0,"menu_order":0,"comment_status":"closed","ping_status":"closed","template":"","meta":{"_acf_changed":false,"footnotes":""},"class_list":["post-24","page","type-page","status-publish","hentry"],"acf":[],"_links":{"self":[{"href":"https:\/\/francis-mizio.net\/index.php\/wp-json\/wp\/v2\/pages\/24","targetHints":{"allow":["GET"]}}],"collection":[{"href":"https:\/\/francis-mizio.net\/index.php\/wp-json\/wp\/v2\/pages"}],"about":[{"href":"https:\/\/francis-mizio.net\/index.php\/wp-json\/wp\/v2\/types\/page"}],"author":[{"embeddable":true,"href":"https:\/\/francis-mizio.net\/index.php\/wp-json\/wp\/v2\/users\/1"}],"replies":[{"embeddable":true,"href":"https:\/\/francis-mizio.net\/index.php\/wp-json\/wp\/v2\/comments?post=24"}],"version-history":[{"count":20,"href":"https:\/\/francis-mizio.net\/index.php\/wp-json\/wp\/v2\/pages\/24\/revisions"}],"predecessor-version":[{"id":20857,"href":"https:\/\/francis-mizio.net\/index.php\/wp-json\/wp\/v2\/pages\/24\/revisions\/20857"}],"wp:attachment":[{"href":"https:\/\/francis-mizio.net\/index.php\/wp-json\/wp\/v2\/media?parent=24"}],"curies":[{"name":"wp","href":"https:\/\/api.w.org\/{rel}","templated":true}]}}